{"id":4662,"date":"2026-01-27T12:55:42","date_gmt":"2026-01-27T12:55:42","guid":{"rendered":"https:\/\/tippspiel-fuer-unternehmen.com\/?post_type=product&#038;p=4662"},"modified":"2026-02-09T07:39:21","modified_gmt":"2026-02-09T07:39:21","slug":"prata-copy","status":"publish","type":"product","link":"https:\/\/tippspiel-fuer-unternehmen.com\/pt-pt\/shop-overview\/prata-copy\/","title":{"rendered":"B\u00e1sico"},"content":{"rendered":"<p><strong>\u00c2mbito funcional do pacote:<\/strong><\/p>\n<ul class=\"elementor-price-table__features-list\">\n<li class=\"elementor-repeater-item-e984239\">\n<div class=\"elementor-price-table__feature-inner\">\n<section class=\"elementor-repeater-item-9aa8ed5 wpr-pricing-table-item wpr-pricing-table-feature\">\n<div class=\"wpr-pricing-table-feature-inner\"><span class=\"wpr-pricing-table-feature-text wpr-pricing-table-ftext-line-\">Configura\u00e7\u00e3o autom\u00e1tica da conta atrav\u00e9s de formul\u00e1rio<\/span><\/div>\n<\/section>\n<\/div>\n<\/li>\n<li class=\"elementor-repeater-item-e984239\">\n<div class=\"elementor-price-table__feature-inner\"><span class=\"wpr-pricing-table-feature-text wpr-pricing-table-ftext-line-\">Interface de utilizador optimizada para computador, tablet e smartphone<\/span><\/div>\n<\/li>\n<li class=\"elementor-repeater-item-e984239\">\n<div class=\"elementor-price-table__feature-inner\">Disponibiliza\u00e7\u00e3o como subdom\u00ednio e iFrame<\/div>\n<\/li>\n<li class=\"elementor-repeater-item-e984239\">\n<div class=\"elementor-price-table__feature-inner\">Design personalizado<\/div>\n<\/li>\n<li class=\"elementor-repeater-item-e984239\">\n<div class=\"elementor-price-table__feature-inner\">Apoio atrav\u00e9s da ferramenta de apoio ao cliente<\/div>\n<\/li>\n<li class=\"elementor-repeater-item-e984239\">\n<div class=\"elementor-price-table__feature-inner\">Prote\u00e7\u00e3o contra registos falsos com Captcha<\/div>\n<\/li>\n<li class=\"elementor-repeater-item-e984239\">\n<div class=\"elementor-price-table__feature-inner\">C\u00f3digo QR para o jogo de apostas para partilhar a liga\u00e7\u00e3o de participa\u00e7\u00e3o<\/div>\n<\/li>\n<li class=\"elementor-repeater-item-e984239\">\n<div class=\"elementor-price-table__feature-inner\">L\u00ednguas: DE, EN, FR, IT, ES, PT, NL, DK, TR, PL, UK, RO, BG, GR, HU, CZ, SK, SE<\/div>\n<\/li>\n<li><span class=\"elementor-icon-list-text\">O consentimento para a utiliza\u00e7\u00e3o dos dados dos participantes para fins publicit\u00e1rios pode ser ativado<\/span><\/li>\n<li><span class=\"elementor-icon-list-text\">Resultados em direto<\/span><\/li>\n<li><span class=\"elementor-icon-list-text\">Os administradores podem personalizar os textos de correio eletr\u00f3nico a pedido e receber essas altera\u00e7\u00f5es<\/span><\/li>\n<li class=\"elementor-repeater-item-e984239\">\n<div class=\"elementor-price-table__feature-inner\">at\u00e9 2.500 participantes<\/div>\n<\/li>\n<\/ul>\n<div class=\"elementor-price-table__feature-inner\"><\/div>\n","protected":false},"excerpt":{"rendered":"<p>O Jogo de apostas para companhias Pacote B\u00e1sico (Externo)<\/p>\n","protected":false},"featured_media":4902,"template":"","meta":{"_acf_changed":false},"product_brand":[],"product_cat":[156],"product_tag":[],"class_list":{"0":"post-4662","1":"product","2":"type-product","3":"status-publish","4":"has-post-thumbnail","6":"product_cat-jogo-de-previsao-para-geracao-de-leads","8":"first","9":"instock","10":"virtual","11":"sold-individually","12":"taxable","13":"purchasable","14":"product-type-simple"},"acf":[],"yoast_head":"<!-- This site is optimized with the Yoast SEO Premium plugin v27.1 (Yoast SEO v27.1.1) - https:\/\/yoast.com\/product\/yoast-seo-premium-wordpress\/ -->\n<title>B\u00e1sico - Tippspiel f\u00fcr Unternehmen<\/title>\n<meta name=\"description\" content=\"Alle Funktionen des Bronzepakets zzgl.:Zus\u00e4tzliche Sprachen: TR, PL, UK, RO, BG, GR, HU, CZ, SKSingle Sign On (SSO) mittels Microsoft Entra..\" \/>\n<meta name=\"robots\" content=\"index, follow, max-snippet:-1, max-image-preview:large, max-video-preview:-1\" \/>\n<link rel=\"canonical\" href=\"https:\/\/tippspiel-fuer-unternehmen.com\/pt-pt\/shop-overview\/prata-copy\/\" \/>\n<meta property=\"og:locale\" content=\"pt_PT\" \/>\n<meta property=\"og:type\" content=\"article\" \/>\n<meta property=\"og:title\" content=\"B\u00e1sico\" \/>\n<meta property=\"og:description\" content=\"Alle Funktionen des Bronzepakets zzgl.:Zus\u00e4tzliche Sprachen: TR, PL, UK, RO, BG, GR, HU, CZ, SKSingle Sign On (SSO) mittels Microsoft Entra..\" \/>\n<meta property=\"og:url\" content=\"https:\/\/tippspiel-fuer-unternehmen.com\/pt-pt\/shop-overview\/prata-copy\/\" \/>\n<meta property=\"og:site_name\" content=\"Tippspiel f\u00fcr Unternehmen\" \/>\n<meta property=\"article:modified_time\" content=\"2026-02-09T07:39:21+00:00\" \/>\n<meta property=\"og:image\" content=\"https:\/\/tippspiel-fuer-unternehmen.com\/wp-content\/uploads\/2026\/01\/Produktbild_Basic.webp\" \/>\n\t<meta property=\"og:image:width\" content=\"1000\" \/>\n\t<meta property=\"og:image:height\" content=\"1000\" \/>\n\t<meta property=\"og:image:type\" content=\"image\/webp\" \/>\n<meta name=\"twitter:card\" content=\"summary_large_image\" \/>\n<meta name=\"twitter:label1\" content=\"Tempo estimado de leitura\" \/>\n\t<meta name=\"twitter:data1\" content=\"1 minuto\" \/>\n<script type=\"application\/ld+json\" class=\"yoast-schema-graph\">{\"@context\":\"https:\/\/schema.org\",\"@graph\":[{\"@type\":\"WebPage\",\"@id\":\"https:\/\/tippspiel-fuer-unternehmen.com\/pt-pt\/shop-overview\/prata-copy\/\",\"url\":\"https:\/\/tippspiel-fuer-unternehmen.com\/pt-pt\/shop-overview\/prata-copy\/\",\"name\":\"B\u00e1sico - Tippspiel f\u00fcr Unternehmen\",\"isPartOf\":{\"@id\":\"https:\/\/tippspiel-fuer-unternehmen.com\/#website\"},\"primaryImageOfPage\":{\"@id\":\"https:\/\/tippspiel-fuer-unternehmen.com\/pt-pt\/shop-overview\/prata-copy\/#primaryimage\"},\"image\":{\"@id\":\"https:\/\/tippspiel-fuer-unternehmen.com\/pt-pt\/shop-overview\/prata-copy\/#primaryimage\"},\"thumbnailUrl\":\"https:\/\/tippspiel-fuer-unternehmen.com\/wp-content\/uploads\/2026\/01\/Produktbild_Basic.webp\",\"datePublished\":\"2026-01-27T12:55:42+00:00\",\"dateModified\":\"2026-02-09T07:39:21+00:00\",\"description\":\"Alle Funktionen des Bronzepakets zzgl.:Zus\u00e4tzliche Sprachen: TR, PL, UK, RO, BG, GR, HU, CZ, SKSingle Sign On (SSO) mittels Microsoft Entra..\",\"breadcrumb\":{\"@id\":\"https:\/\/tippspiel-fuer-unternehmen.com\/pt-pt\/shop-overview\/prata-copy\/#breadcrumb\"},\"inLanguage\":\"pt-PT\",\"potentialAction\":[{\"@type\":\"ReadAction\",\"target\":[\"https:\/\/tippspiel-fuer-unternehmen.com\/pt-pt\/shop-overview\/prata-copy\/\"]}]},{\"@type\":\"ImageObject\",\"inLanguage\":\"pt-PT\",\"@id\":\"https:\/\/tippspiel-fuer-unternehmen.com\/pt-pt\/shop-overview\/prata-copy\/#primaryimage\",\"url\":\"https:\/\/tippspiel-fuer-unternehmen.com\/wp-content\/uploads\/2026\/01\/Produktbild_Basic.webp\",\"contentUrl\":\"https:\/\/tippspiel-fuer-unternehmen.com\/wp-content\/uploads\/2026\/01\/Produktbild_Basic.webp\",\"width\":1000,\"height\":1000,\"caption\":\"produktbild basic\"},{\"@type\":\"BreadcrumbList\",\"@id\":\"https:\/\/tippspiel-fuer-unternehmen.com\/pt-pt\/shop-overview\/prata-copy\/#breadcrumb\",\"itemListElement\":[{\"@type\":\"ListItem\",\"position\":1,\"name\":\"Startseite\",\"item\":\"https:\/\/tippspiel-fuer-unternehmen.com\/pt-pt\/jogo-de-apostas-para-companhias\/\"},{\"@type\":\"ListItem\",\"position\":2,\"name\":\"Produkte\",\"item\":\"https:\/\/tippspiel-fuer-unternehmen.com\/shop\/\"},{\"@type\":\"ListItem\",\"position\":3,\"name\":\"B\u00e1sico\"}]},{\"@type\":\"WebSite\",\"@id\":\"https:\/\/tippspiel-fuer-unternehmen.com\/#website\",\"url\":\"https:\/\/tippspiel-fuer-unternehmen.com\/\",\"name\":\"Tippspiel f\u00fcr Unternehmen\",\"description\":\"\",\"publisher\":{\"@id\":\"https:\/\/tippspiel-fuer-unternehmen.com\/#organization\"},\"alternateName\":\"Unternehmens-Tippspiel\",\"potentialAction\":[{\"@type\":\"SearchAction\",\"target\":{\"@type\":\"EntryPoint\",\"urlTemplate\":\"https:\/\/tippspiel-fuer-unternehmen.com\/?s={search_term_string}\"},\"query-input\":{\"@type\":\"PropertyValueSpecification\",\"valueRequired\":true,\"valueName\":\"search_term_string\"}}],\"inLanguage\":\"pt-PT\"},{\"@type\":\"Organization\",\"@id\":\"https:\/\/tippspiel-fuer-unternehmen.com\/#organization\",\"name\":\"Tippspiel f\u00fcr Unternehmen\",\"url\":\"https:\/\/tippspiel-fuer-unternehmen.com\/\",\"logo\":{\"@type\":\"ImageObject\",\"inLanguage\":\"pt-PT\",\"@id\":\"https:\/\/tippspiel-fuer-unternehmen.com\/#\/schema\/logo\/image\/\",\"url\":\"https:\/\/tippspiel-fuer-unternehmen.com\/wp-content\/uploads\/2022\/08\/993167DA-79E2-4C48-8F02-C9498D0CD337_4_5005_c.jpeg\",\"contentUrl\":\"https:\/\/tippspiel-fuer-unternehmen.com\/wp-content\/uploads\/2022\/08\/993167DA-79E2-4C48-8F02-C9498D0CD337_4_5005_c.jpeg\",\"width\":82,\"height\":92,\"caption\":\"Tippspiel f\u00fcr Unternehmen\"},\"image\":{\"@id\":\"https:\/\/tippspiel-fuer-unternehmen.com\/#\/schema\/logo\/image\/\"}}]}<\/script>\n<!-- \/ Yoast SEO Premium plugin. -->","yoast_head_json":{"title":"B\u00e1sico - Tippspiel f\u00fcr Unternehmen","description":"Alle Funktionen des Bronzepakets zzgl.:Zus\u00e4tzliche Sprachen: TR, PL, UK, RO, BG, GR, HU, CZ, SKSingle Sign On (SSO) mittels Microsoft Entra..","robots":{"index":"index","follow":"follow","max-snippet":"max-snippet:-1","max-image-preview":"max-image-preview:large","max-video-preview":"max-video-preview:-1"},"canonical":"https:\/\/tippspiel-fuer-unternehmen.com\/pt-pt\/shop-overview\/prata-copy\/","og_locale":"pt_PT","og_type":"article","og_title":"B\u00e1sico","og_description":"Alle Funktionen des Bronzepakets zzgl.:Zus\u00e4tzliche Sprachen: TR, PL, UK, RO, BG, GR, HU, CZ, SKSingle Sign On (SSO) mittels Microsoft Entra..","og_url":"https:\/\/tippspiel-fuer-unternehmen.com\/pt-pt\/shop-overview\/prata-copy\/","og_site_name":"Tippspiel f\u00fcr Unternehmen","article_modified_time":"2026-02-09T07:39:21+00:00","og_image":[{"width":1000,"height":1000,"url":"https:\/\/tippspiel-fuer-unternehmen.com\/wp-content\/uploads\/2026\/01\/Produktbild_Basic.webp","type":"image\/webp"}],"twitter_card":"summary_large_image","twitter_misc":{"Tempo estimado de leitura":"1 minuto"},"schema":{"@context":"https:\/\/schema.org","@graph":[{"@type":"WebPage","@id":"https:\/\/tippspiel-fuer-unternehmen.com\/pt-pt\/shop-overview\/prata-copy\/","url":"https:\/\/tippspiel-fuer-unternehmen.com\/pt-pt\/shop-overview\/prata-copy\/","name":"B\u00e1sico - Tippspiel f\u00fcr Unternehmen","isPartOf":{"@id":"https:\/\/tippspiel-fuer-unternehmen.com\/#website"},"primaryImageOfPage":{"@id":"https:\/\/tippspiel-fuer-unternehmen.com\/pt-pt\/shop-overview\/prata-copy\/#primaryimage"},"image":{"@id":"https:\/\/tippspiel-fuer-unternehmen.com\/pt-pt\/shop-overview\/prata-copy\/#primaryimage"},"thumbnailUrl":"https:\/\/tippspiel-fuer-unternehmen.com\/wp-content\/uploads\/2026\/01\/Produktbild_Basic.webp","datePublished":"2026-01-27T12:55:42+00:00","dateModified":"2026-02-09T07:39:21+00:00","description":"Alle Funktionen des Bronzepakets zzgl.:Zus\u00e4tzliche Sprachen: TR, PL, UK, RO, BG, GR, HU, CZ, SKSingle Sign On (SSO) mittels Microsoft Entra..","breadcrumb":{"@id":"https:\/\/tippspiel-fuer-unternehmen.com\/pt-pt\/shop-overview\/prata-copy\/#breadcrumb"},"inLanguage":"pt-PT","potentialAction":[{"@type":"ReadAction","target":["https:\/\/tippspiel-fuer-unternehmen.com\/pt-pt\/shop-overview\/prata-copy\/"]}]},{"@type":"ImageObject","inLanguage":"pt-PT","@id":"https:\/\/tippspiel-fuer-unternehmen.com\/pt-pt\/shop-overview\/prata-copy\/#primaryimage","url":"https:\/\/tippspiel-fuer-unternehmen.com\/wp-content\/uploads\/2026\/01\/Produktbild_Basic.webp","contentUrl":"https:\/\/tippspiel-fuer-unternehmen.com\/wp-content\/uploads\/2026\/01\/Produktbild_Basic.webp","width":1000,"height":1000,"caption":"produktbild basic"},{"@type":"BreadcrumbList","@id":"https:\/\/tippspiel-fuer-unternehmen.com\/pt-pt\/shop-overview\/prata-copy\/#breadcrumb","itemListElement":[{"@type":"ListItem","position":1,"name":"Startseite","item":"https:\/\/tippspiel-fuer-unternehmen.com\/pt-pt\/jogo-de-apostas-para-companhias\/"},{"@type":"ListItem","position":2,"name":"Produkte","item":"https:\/\/tippspiel-fuer-unternehmen.com\/shop\/"},{"@type":"ListItem","position":3,"name":"B\u00e1sico"}]},{"@type":"WebSite","@id":"https:\/\/tippspiel-fuer-unternehmen.com\/#website","url":"https:\/\/tippspiel-fuer-unternehmen.com\/","name":"Tippspiel f\u00fcr Unternehmen","description":"","publisher":{"@id":"https:\/\/tippspiel-fuer-unternehmen.com\/#organization"},"alternateName":"Unternehmens-Tippspiel","potentialAction":[{"@type":"SearchAction","target":{"@type":"EntryPoint","urlTemplate":"https:\/\/tippspiel-fuer-unternehmen.com\/?s={search_term_string}"},"query-input":{"@type":"PropertyValueSpecification","valueRequired":true,"valueName":"search_term_string"}}],"inLanguage":"pt-PT"},{"@type":"Organization","@id":"https:\/\/tippspiel-fuer-unternehmen.com\/#organization","name":"Tippspiel f\u00fcr Unternehmen","url":"https:\/\/tippspiel-fuer-unternehmen.com\/","logo":{"@type":"ImageObject","inLanguage":"pt-PT","@id":"https:\/\/tippspiel-fuer-unternehmen.com\/#\/schema\/logo\/image\/","url":"https:\/\/tippspiel-fuer-unternehmen.com\/wp-content\/uploads\/2022\/08\/993167DA-79E2-4C48-8F02-C9498D0CD337_4_5005_c.jpeg","contentUrl":"https:\/\/tippspiel-fuer-unternehmen.com\/wp-content\/uploads\/2022\/08\/993167DA-79E2-4C48-8F02-C9498D0CD337_4_5005_c.jpeg","width":82,"height":92,"caption":"Tippspiel f\u00fcr Unternehmen"},"image":{"@id":"https:\/\/tippspiel-fuer-unternehmen.com\/#\/schema\/logo\/image\/"}}]}},"_links":{"self":[{"href":"https:\/\/tippspiel-fuer-unternehmen.com\/pt-pt\/wp-json\/wp\/v2\/product\/4662","targetHints":{"allow":["GET"]}}],"collection":[{"href":"https:\/\/tippspiel-fuer-unternehmen.com\/pt-pt\/wp-json\/wp\/v2\/product"}],"about":[{"href":"https:\/\/tippspiel-fuer-unternehmen.com\/pt-pt\/wp-json\/wp\/v2\/types\/product"}],"wp:featuredmedia":[{"embeddable":true,"href":"https:\/\/tippspiel-fuer-unternehmen.com\/pt-pt\/wp-json\/wp\/v2\/media\/4902"}],"wp:attachment":[{"href":"https:\/\/tippspiel-fuer-unternehmen.com\/pt-pt\/wp-json\/wp\/v2\/media?parent=4662"}],"wp:term":[{"taxonomy":"product_brand","embeddable":true,"href":"https:\/\/tippspiel-fuer-unternehmen.com\/pt-pt\/wp-json\/wp\/v2\/product_brand?post=4662"},{"taxonomy":"product_cat","embeddable":true,"href":"https:\/\/tippspiel-fuer-unternehmen.com\/pt-pt\/wp-json\/wp\/v2\/product_cat?post=4662"},{"taxonomy":"product_tag","embeddable":true,"href":"https:\/\/tippspiel-fuer-unternehmen.com\/pt-pt\/wp-json\/wp\/v2\/product_tag?post=4662"}],"curies":[{"name":"wp","href":"https:\/\/api.w.org\/{rel}","templated":true}]}}