{"id":5831,"date":"2026-03-13T08:52:35","date_gmt":"2026-03-13T08:52:35","guid":{"rendered":"https:\/\/tippspiel-fuer-unternehmen.com\/?post_type=product&#038;p=5831"},"modified":"2026-03-16T08:47:01","modified_gmt":"2026-03-16T08:47:01","slug":"servicio-de-configuracion-y-diseno-kopie-kopie","status":"publish","type":"product","link":"https:\/\/tippspiel-fuer-unternehmen.com\/es\/shop-overview\/servicio-de-configuracion-y-diseno-kopie-kopie\/","title":{"rendered":"Aplicaci\u00f3n nativa"},"content":{"rendered":"<h1>Aplicaci\u00f3n nativa<\/h1>\n<ul class=\"elementor-price-table__features-list\">\n<li class=\"elementor-repeater-item-e984239\">\n<div class=\"elementor-price-table__feature-inner\">Aplicaci\u00f3n de juego de predicci\u00f3n para iOS y Android que incluye mensajes push<\/div>\n<\/li>\n<\/ul>\n<div class=\"elementor-price-table__feature-inner\"><\/div>\n","protected":false},"excerpt":{"rendered":"<p>Creaci\u00f3n del F\u00fatbol pron\u00f3stico para empresas seg\u00fan tus especificaciones, incluido el apoyo de un gestor de proyectos <\/p>\n","protected":false},"featured_media":5842,"template":"","meta":{"_acf_changed":false},"product_brand":[],"product_cat":[166],"product_tag":[],"class_list":{"0":"post-5831","1":"product","2":"type-product","3":"status-publish","4":"has-post-thumbnail","6":"product_cat-servicios","8":"first","9":"instock","10":"virtual","11":"sold-individually","12":"taxable","13":"purchasable","14":"product-type-simple"},"acf":[],"yoast_head":"<!-- This site is optimized with the Yoast SEO Premium plugin v27.3 (Yoast SEO v27.3) - https:\/\/yoast.com\/product\/yoast-seo-premium-wordpress\/ -->\n<title>Aplicaci\u00f3n nativa - Tippspiel f\u00fcr Unternehmen<\/title>\n<meta name=\"description\" content=\"Funciones del paquete: se desarrolla y proporciona para ti una aplicaci\u00f3n de juego de predicci\u00f3n para iOS y Android que incluye mensajes push\" \/>\n<meta name=\"robots\" content=\"index, follow, max-snippet:-1, max-image-preview:large, max-video-preview:-1\" \/>\n<link rel=\"canonical\" href=\"https:\/\/tippspiel-fuer-unternehmen.com\/es\/shop-overview\/servicio-de-configuracion-y-diseno-kopie-kopie\/\" \/>\n<meta property=\"og:locale\" content=\"es_ES\" \/>\n<meta property=\"og:type\" content=\"article\" \/>\n<meta property=\"og:title\" content=\"Aplicaci\u00f3n nativa\" \/>\n<meta property=\"og:description\" content=\"Funciones del paquete: se desarrolla y proporciona para ti una aplicaci\u00f3n de juego de predicci\u00f3n para iOS y Android que incluye mensajes push\" \/>\n<meta property=\"og:url\" content=\"https:\/\/tippspiel-fuer-unternehmen.com\/es\/shop-overview\/servicio-de-configuracion-y-diseno-kopie-kopie\/\" \/>\n<meta property=\"og:site_name\" content=\"Tippspiel f\u00fcr Unternehmen\" \/>\n<meta property=\"article:modified_time\" content=\"2026-03-16T08:47:01+00:00\" \/>\n<meta property=\"og:image\" content=\"https:\/\/tippspiel-fuer-unternehmen.com\/wp-content\/uploads\/2026\/03\/Produktbild_Native-App.webp\" \/>\n\t<meta property=\"og:image:width\" content=\"1000\" \/>\n\t<meta property=\"og:image:height\" content=\"1000\" \/>\n\t<meta property=\"og:image:type\" content=\"image\/webp\" \/>\n<meta name=\"twitter:card\" content=\"summary_large_image\" \/>\n<script type=\"application\/ld+json\" class=\"yoast-schema-graph\">{\"@context\":\"https:\\\/\\\/schema.org\",\"@graph\":[{\"@type\":\"WebPage\",\"@id\":\"https:\\\/\\\/tippspiel-fuer-unternehmen.com\\\/es\\\/shop-overview\\\/servicio-de-configuracion-y-diseno-kopie-kopie\\\/\",\"url\":\"https:\\\/\\\/tippspiel-fuer-unternehmen.com\\\/es\\\/shop-overview\\\/servicio-de-configuracion-y-diseno-kopie-kopie\\\/\",\"name\":\"Aplicaci\u00f3n nativa - Tippspiel f\u00fcr Unternehmen\",\"isPartOf\":{\"@id\":\"https:\\\/\\\/tippspiel-fuer-unternehmen.com\\\/#website\"},\"primaryImageOfPage\":{\"@id\":\"https:\\\/\\\/tippspiel-fuer-unternehmen.com\\\/es\\\/shop-overview\\\/servicio-de-configuracion-y-diseno-kopie-kopie\\\/#primaryimage\"},\"image\":{\"@id\":\"https:\\\/\\\/tippspiel-fuer-unternehmen.com\\\/es\\\/shop-overview\\\/servicio-de-configuracion-y-diseno-kopie-kopie\\\/#primaryimage\"},\"thumbnailUrl\":\"https:\\\/\\\/tippspiel-fuer-unternehmen.com\\\/wp-content\\\/uploads\\\/2026\\\/03\\\/Produktbild_Native-App.webp\",\"datePublished\":\"2026-03-13T08:52:35+00:00\",\"dateModified\":\"2026-03-16T08:47:01+00:00\",\"description\":\"Funciones del paquete: se desarrolla y proporciona para ti una aplicaci\u00f3n de juego de predicci\u00f3n para iOS y Android que incluye mensajes push\",\"breadcrumb\":{\"@id\":\"https:\\\/\\\/tippspiel-fuer-unternehmen.com\\\/es\\\/shop-overview\\\/servicio-de-configuracion-y-diseno-kopie-kopie\\\/#breadcrumb\"},\"inLanguage\":\"es\",\"potentialAction\":[{\"@type\":\"ReadAction\",\"target\":[\"https:\\\/\\\/tippspiel-fuer-unternehmen.com\\\/es\\\/shop-overview\\\/servicio-de-configuracion-y-diseno-kopie-kopie\\\/\"]}]},{\"@type\":\"ImageObject\",\"inLanguage\":\"es\",\"@id\":\"https:\\\/\\\/tippspiel-fuer-unternehmen.com\\\/es\\\/shop-overview\\\/servicio-de-configuracion-y-diseno-kopie-kopie\\\/#primaryimage\",\"url\":\"https:\\\/\\\/tippspiel-fuer-unternehmen.com\\\/wp-content\\\/uploads\\\/2026\\\/03\\\/Produktbild_Native-App.webp\",\"contentUrl\":\"https:\\\/\\\/tippspiel-fuer-unternehmen.com\\\/wp-content\\\/uploads\\\/2026\\\/03\\\/Produktbild_Native-App.webp\",\"width\":1000,\"height\":1000,\"caption\":\"native apps produkt bild\"},{\"@type\":\"BreadcrumbList\",\"@id\":\"https:\\\/\\\/tippspiel-fuer-unternehmen.com\\\/es\\\/shop-overview\\\/servicio-de-configuracion-y-diseno-kopie-kopie\\\/#breadcrumb\",\"itemListElement\":[{\"@type\":\"ListItem\",\"position\":1,\"name\":\"Startseite\",\"item\":\"https:\\\/\\\/tippspiel-fuer-unternehmen.com\\\/es\\\/futbol-pronostico-para-empresas-copa-del-mundo-2026\\\/\"},{\"@type\":\"ListItem\",\"position\":2,\"name\":\"Produkte\",\"item\":\"https:\\\/\\\/tippspiel-fuer-unternehmen.com\\\/shop\\\/\"},{\"@type\":\"ListItem\",\"position\":3,\"name\":\"Aplicaci\u00f3n nativa\"}]},{\"@type\":\"WebSite\",\"@id\":\"https:\\\/\\\/tippspiel-fuer-unternehmen.com\\\/#website\",\"url\":\"https:\\\/\\\/tippspiel-fuer-unternehmen.com\\\/\",\"name\":\"Tippspiel f\u00fcr Unternehmen\",\"description\":\"\",\"publisher\":{\"@id\":\"https:\\\/\\\/tippspiel-fuer-unternehmen.com\\\/#organization\"},\"alternateName\":\"Unternehmens-Tippspiel\",\"potentialAction\":[{\"@type\":\"SearchAction\",\"target\":{\"@type\":\"EntryPoint\",\"urlTemplate\":\"https:\\\/\\\/tippspiel-fuer-unternehmen.com\\\/?s={search_term_string}\"},\"query-input\":{\"@type\":\"PropertyValueSpecification\",\"valueRequired\":true,\"valueName\":\"search_term_string\"}}],\"inLanguage\":\"es\"},{\"@type\":\"Organization\",\"@id\":\"https:\\\/\\\/tippspiel-fuer-unternehmen.com\\\/#organization\",\"name\":\"Tippspiel f\u00fcr Unternehmen\",\"url\":\"https:\\\/\\\/tippspiel-fuer-unternehmen.com\\\/\",\"logo\":{\"@type\":\"ImageObject\",\"inLanguage\":\"es\",\"@id\":\"https:\\\/\\\/tippspiel-fuer-unternehmen.com\\\/#\\\/schema\\\/logo\\\/image\\\/\",\"url\":\"https:\\\/\\\/tippspiel-fuer-unternehmen.com\\\/wp-content\\\/uploads\\\/2022\\\/08\\\/993167DA-79E2-4C48-8F02-C9498D0CD337_4_5005_c.jpeg\",\"contentUrl\":\"https:\\\/\\\/tippspiel-fuer-unternehmen.com\\\/wp-content\\\/uploads\\\/2022\\\/08\\\/993167DA-79E2-4C48-8F02-C9498D0CD337_4_5005_c.jpeg\",\"width\":82,\"height\":92,\"caption\":\"Tippspiel f\u00fcr Unternehmen\"},\"image\":{\"@id\":\"https:\\\/\\\/tippspiel-fuer-unternehmen.com\\\/#\\\/schema\\\/logo\\\/image\\\/\"}}]}<\/script>\n<!-- \/ Yoast SEO Premium plugin. -->","yoast_head_json":{"title":"Aplicaci\u00f3n nativa - Tippspiel f\u00fcr Unternehmen","description":"Funciones del paquete: se desarrolla y proporciona para ti una aplicaci\u00f3n de juego de predicci\u00f3n para iOS y Android que incluye mensajes push","robots":{"index":"index","follow":"follow","max-snippet":"max-snippet:-1","max-image-preview":"max-image-preview:large","max-video-preview":"max-video-preview:-1"},"canonical":"https:\/\/tippspiel-fuer-unternehmen.com\/es\/shop-overview\/servicio-de-configuracion-y-diseno-kopie-kopie\/","og_locale":"es_ES","og_type":"article","og_title":"Aplicaci\u00f3n nativa","og_description":"Funciones del paquete: se desarrolla y proporciona para ti una aplicaci\u00f3n de juego de predicci\u00f3n para iOS y Android que incluye mensajes push","og_url":"https:\/\/tippspiel-fuer-unternehmen.com\/es\/shop-overview\/servicio-de-configuracion-y-diseno-kopie-kopie\/","og_site_name":"Tippspiel f\u00fcr Unternehmen","article_modified_time":"2026-03-16T08:47:01+00:00","og_image":[{"width":1000,"height":1000,"url":"https:\/\/tippspiel-fuer-unternehmen.com\/wp-content\/uploads\/2026\/03\/Produktbild_Native-App.webp","type":"image\/webp"}],"twitter_card":"summary_large_image","schema":{"@context":"https:\/\/schema.org","@graph":[{"@type":"WebPage","@id":"https:\/\/tippspiel-fuer-unternehmen.com\/es\/shop-overview\/servicio-de-configuracion-y-diseno-kopie-kopie\/","url":"https:\/\/tippspiel-fuer-unternehmen.com\/es\/shop-overview\/servicio-de-configuracion-y-diseno-kopie-kopie\/","name":"Aplicaci\u00f3n nativa - Tippspiel f\u00fcr Unternehmen","isPartOf":{"@id":"https:\/\/tippspiel-fuer-unternehmen.com\/#website"},"primaryImageOfPage":{"@id":"https:\/\/tippspiel-fuer-unternehmen.com\/es\/shop-overview\/servicio-de-configuracion-y-diseno-kopie-kopie\/#primaryimage"},"image":{"@id":"https:\/\/tippspiel-fuer-unternehmen.com\/es\/shop-overview\/servicio-de-configuracion-y-diseno-kopie-kopie\/#primaryimage"},"thumbnailUrl":"https:\/\/tippspiel-fuer-unternehmen.com\/wp-content\/uploads\/2026\/03\/Produktbild_Native-App.webp","datePublished":"2026-03-13T08:52:35+00:00","dateModified":"2026-03-16T08:47:01+00:00","description":"Funciones del paquete: se desarrolla y proporciona para ti una aplicaci\u00f3n de juego de predicci\u00f3n para iOS y Android que incluye mensajes push","breadcrumb":{"@id":"https:\/\/tippspiel-fuer-unternehmen.com\/es\/shop-overview\/servicio-de-configuracion-y-diseno-kopie-kopie\/#breadcrumb"},"inLanguage":"es","potentialAction":[{"@type":"ReadAction","target":["https:\/\/tippspiel-fuer-unternehmen.com\/es\/shop-overview\/servicio-de-configuracion-y-diseno-kopie-kopie\/"]}]},{"@type":"ImageObject","inLanguage":"es","@id":"https:\/\/tippspiel-fuer-unternehmen.com\/es\/shop-overview\/servicio-de-configuracion-y-diseno-kopie-kopie\/#primaryimage","url":"https:\/\/tippspiel-fuer-unternehmen.com\/wp-content\/uploads\/2026\/03\/Produktbild_Native-App.webp","contentUrl":"https:\/\/tippspiel-fuer-unternehmen.com\/wp-content\/uploads\/2026\/03\/Produktbild_Native-App.webp","width":1000,"height":1000,"caption":"native apps produkt bild"},{"@type":"BreadcrumbList","@id":"https:\/\/tippspiel-fuer-unternehmen.com\/es\/shop-overview\/servicio-de-configuracion-y-diseno-kopie-kopie\/#breadcrumb","itemListElement":[{"@type":"ListItem","position":1,"name":"Startseite","item":"https:\/\/tippspiel-fuer-unternehmen.com\/es\/futbol-pronostico-para-empresas-copa-del-mundo-2026\/"},{"@type":"ListItem","position":2,"name":"Produkte","item":"https:\/\/tippspiel-fuer-unternehmen.com\/shop\/"},{"@type":"ListItem","position":3,"name":"Aplicaci\u00f3n nativa"}]},{"@type":"WebSite","@id":"https:\/\/tippspiel-fuer-unternehmen.com\/#website","url":"https:\/\/tippspiel-fuer-unternehmen.com\/","name":"Tippspiel f\u00fcr Unternehmen","description":"","publisher":{"@id":"https:\/\/tippspiel-fuer-unternehmen.com\/#organization"},"alternateName":"Unternehmens-Tippspiel","potentialAction":[{"@type":"SearchAction","target":{"@type":"EntryPoint","urlTemplate":"https:\/\/tippspiel-fuer-unternehmen.com\/?s={search_term_string}"},"query-input":{"@type":"PropertyValueSpecification","valueRequired":true,"valueName":"search_term_string"}}],"inLanguage":"es"},{"@type":"Organization","@id":"https:\/\/tippspiel-fuer-unternehmen.com\/#organization","name":"Tippspiel f\u00fcr Unternehmen","url":"https:\/\/tippspiel-fuer-unternehmen.com\/","logo":{"@type":"ImageObject","inLanguage":"es","@id":"https:\/\/tippspiel-fuer-unternehmen.com\/#\/schema\/logo\/image\/","url":"https:\/\/tippspiel-fuer-unternehmen.com\/wp-content\/uploads\/2022\/08\/993167DA-79E2-4C48-8F02-C9498D0CD337_4_5005_c.jpeg","contentUrl":"https:\/\/tippspiel-fuer-unternehmen.com\/wp-content\/uploads\/2022\/08\/993167DA-79E2-4C48-8F02-C9498D0CD337_4_5005_c.jpeg","width":82,"height":92,"caption":"Tippspiel f\u00fcr Unternehmen"},"image":{"@id":"https:\/\/tippspiel-fuer-unternehmen.com\/#\/schema\/logo\/image\/"}}]}},"_links":{"self":[{"href":"https:\/\/tippspiel-fuer-unternehmen.com\/es\/wp-json\/wp\/v2\/product\/5831","targetHints":{"allow":["GET"]}}],"collection":[{"href":"https:\/\/tippspiel-fuer-unternehmen.com\/es\/wp-json\/wp\/v2\/product"}],"about":[{"href":"https:\/\/tippspiel-fuer-unternehmen.com\/es\/wp-json\/wp\/v2\/types\/product"}],"wp:featuredmedia":[{"embeddable":true,"href":"https:\/\/tippspiel-fuer-unternehmen.com\/es\/wp-json\/wp\/v2\/media\/5842"}],"wp:attachment":[{"href":"https:\/\/tippspiel-fuer-unternehmen.com\/es\/wp-json\/wp\/v2\/media?parent=5831"}],"wp:term":[{"taxonomy":"product_brand","embeddable":true,"href":"https:\/\/tippspiel-fuer-unternehmen.com\/es\/wp-json\/wp\/v2\/product_brand?post=5831"},{"taxonomy":"product_cat","embeddable":true,"href":"https:\/\/tippspiel-fuer-unternehmen.com\/es\/wp-json\/wp\/v2\/product_cat?post=5831"},{"taxonomy":"product_tag","embeddable":true,"href":"https:\/\/tippspiel-fuer-unternehmen.com\/es\/wp-json\/wp\/v2\/product_tag?post=5831"}],"curies":[{"name":"wp","href":"https:\/\/api.w.org\/{rel}","templated":true}]}}